{"id":223451,"date":"2023-04-03T23:29:44","date_gmt":"2023-04-03T21:29:44","guid":{"rendered":"https:\/\/pia-y-pablo.de\/pie-de-imprenta\/"},"modified":"2024-02-04T13:24:07","modified_gmt":"2024-02-04T12:24:07","slug":"pie-de-imprenta","status":"publish","type":"page","link":"https:\/\/pia-y-pablo.de\/es\/pie-de-imprenta\/","title":{"rendered":"Pie de imprenta"},"content":{"rendered":"<p>[et_pb_section fb_built=\u00bb1&#8243; _builder_version=\u00bb4.20.2&#8243; _module_preset=\u00bbdefault\u00bb hover_enabled=\u00bb0&#8243; global_colors_info=\u00bb{}\u00bb min_height=\u00bb100vh\u00bb sticky_enabled=\u00bb0&#8243;][et_pb_row _builder_version=\u00bb4.20.2&#8243; _module_preset=\u00bbdefault\u00bb global_colors_info=\u00bb{}\u00bb][et_pb_column type=\u00bb4_4&#8243; _builder_version=\u00bb4.20.2&#8243; _module_preset=\u00bbdefault\u00bb global_colors_info=\u00bb{}\u00bb][et_pb_text _builder_version=\u00bb4.20.2&#8243; _module_preset=\u00bbdefault\u00bb global_colors_info=\u00bb{}\u00bb]<\/p>\n<div class=\"et_pb_column et_pb_column_1_2 et_pb_column_0 et_pb_css_mix_blend_mode_passthrough\">\n<div class=\"et_pb_module et_pb_text et_pb_text_0 et_pb_text_align_left et_pb_bg_layout_light\">\n<div class=\"et_pb_text_inner\">\n<h1>Pie de imprenta<\/h1>\n<\/div>\n<\/div>\n<div class=\"et_pb_module et_pb_text et_pb_text_1 et_pb_text_align_left et_pb_bg_layout_light\">\n<div class=\"et_pb_text_inner\">\n<p>Informaci\u00f3n seg\u00fan <span style=\"font-family: 'Trebuchet MS', Tahoma, Verdana, Arial, Helvetica, Sans-serif;\">\u00a7 5 TMG<\/span><\/p>\n<p><span style=\"font-family: 'Trebuchet MS', Tahoma, Verdana, Arial, Helvetica, Sans-serif;\"><strong>Pia y Pablo &#8211; Catering M\u00fanich<br \/><\/strong><\/span><span style=\"font-family: 'Trebuchet MS', Tahoma, Verdana, Arial, Helvetica, Sans-serif;\">Meik Rodr\u00edguez Krauthause<br \/>Riesstr. 64<br \/>80993 M\u00fanich<br \/><\/span><\/p>\n<p>NIF IVA: DE359400098<br \/>N\u00famero de identificaci\u00f3n fiscal: 146\/169\/12802<\/p>\n<p><strong>P\u00f3ngase en contacto con nosotros<\/strong><\/p>\n<p>correo electr\u00f3nico: hola@pia-y-pablo.de<br \/>tel.: 017693110342<\/p>\n<p>Representante autorizado:<br \/>Meik Rodr\u00edguez Krauthause<\/p>\n<\/div>\n<\/div>\n<\/div>\n<p>[\/et_pb_text][\/et_pb_column][\/et_pb_row][\/et_pb_section]<\/p>\n","protected":false},"excerpt":{"rendered":"<p>Pie de imprenta Informaci\u00f3n seg\u00fan \u00a7 5 TMG Pia y Pablo &#8211; Catering M\u00fanichMeik Rodr\u00edguez KrauthauseRiesstr. 6480993 M\u00fanich NIF IVA: DE359400098N\u00famero de identificaci\u00f3n fiscal: 146\/169\/12802 P\u00f3ngase en contacto con nosotros correo electr\u00f3nico: hola@pia-y-pablo.detel.: 017693110342 Representante autorizado:Meik Rodr\u00edguez Krauthause<\/p>\n","protected":false},"author":1,"featured_media":0,"parent":0,"menu_order":0,"comment_status":"closed","ping_status":"closed","template":"","meta":{"_acf_changed":false,"_et_pb_use_builder":"on","_et_pb_old_content":"","_et_gb_content_width":"","inline_featured_image":false,"iawp_total_views":7,"footnotes":""},"class_list":["post-223451","page","type-page","status-publish","hentry"],"acf":[],"yoast_head":"<!-- This site is optimized with the Yoast SEO plugin v27.4 - https:\/\/yoast.com\/product\/yoast-seo-wordpress\/ -->\n<title>Pie de imprenta - Pia y Pablo<\/title>\n<meta name=\"robots\" content=\"index, follow, max-snippet:-1, max-image-preview:large, max-video-preview:-1\" \/>\n<link rel=\"canonical\" href=\"https:\/\/pia-y-pablo.de\/es\/pie-de-imprenta\/\" \/>\n<meta property=\"og:locale\" content=\"es_ES\" \/>\n<meta property=\"og:type\" content=\"article\" \/>\n<meta property=\"og:title\" content=\"Pie de imprenta - Pia y Pablo\" \/>\n<meta property=\"og:description\" content=\"Pie de imprenta Informaci\u00f3n seg\u00fan \u00a7 5 TMG Pia y Pablo - Catering M\u00fanichMeik Rodr\u00edguez KrauthauseRiesstr. 6480993 M\u00fanich NIF IVA: DE359400098N\u00famero de identificaci\u00f3n fiscal: 146\/169\/12802 P\u00f3ngase en contacto con nosotros correo electr\u00f3nico: hola@pia-y-pablo.detel.: 017693110342 Representante autorizado:Meik Rodr\u00edguez Krauthause\" \/>\n<meta property=\"og:url\" content=\"https:\/\/pia-y-pablo.de\/es\/pie-de-imprenta\/\" \/>\n<meta property=\"og:site_name\" content=\"Pia y Pablo\" \/>\n<meta property=\"article:modified_time\" content=\"2024-02-04T12:24:07+00:00\" \/>\n<meta name=\"twitter:card\" content=\"summary_large_image\" \/>\n<meta name=\"twitter:label1\" content=\"Tiempo de lectura\" \/>\n\t<meta name=\"twitter:data1\" content=\"1 minuto\" \/>\n<script type=\"application\/ld+json\" class=\"yoast-schema-graph\">{\"@context\":\"https:\\\/\\\/schema.org\",\"@graph\":[{\"@type\":\"WebPage\",\"@id\":\"https:\\\/\\\/pia-y-pablo.de\\\/es\\\/pie-de-imprenta\\\/\",\"url\":\"https:\\\/\\\/pia-y-pablo.de\\\/es\\\/pie-de-imprenta\\\/\",\"name\":\"Pie de imprenta - Pia y Pablo\",\"isPartOf\":{\"@id\":\"https:\\\/\\\/pia-y-pablo.de\\\/#website\"},\"datePublished\":\"2023-04-03T21:29:44+00:00\",\"dateModified\":\"2024-02-04T12:24:07+00:00\",\"breadcrumb\":{\"@id\":\"https:\\\/\\\/pia-y-pablo.de\\\/es\\\/pie-de-imprenta\\\/#breadcrumb\"},\"inLanguage\":\"es\",\"potentialAction\":[{\"@type\":\"ReadAction\",\"target\":[\"https:\\\/\\\/pia-y-pablo.de\\\/es\\\/pie-de-imprenta\\\/\"]}]},{\"@type\":\"BreadcrumbList\",\"@id\":\"https:\\\/\\\/pia-y-pablo.de\\\/es\\\/pie-de-imprenta\\\/#breadcrumb\",\"itemListElement\":[{\"@type\":\"ListItem\",\"position\":1,\"name\":\"Startseite\",\"item\":\"https:\\\/\\\/pia-y-pablo.de\\\/\"},{\"@type\":\"ListItem\",\"position\":2,\"name\":\"Pie de imprenta\"}]},{\"@type\":\"WebSite\",\"@id\":\"https:\\\/\\\/pia-y-pablo.de\\\/#website\",\"url\":\"https:\\\/\\\/pia-y-pablo.de\\\/\",\"name\":\"Pia y Pablo\",\"description\":\"Spanisches Catering M\u00fcnchen - Authentisch, frisch &amp; einfach lecker\",\"potentialAction\":[{\"@type\":\"SearchAction\",\"target\":{\"@type\":\"EntryPoint\",\"urlTemplate\":\"https:\\\/\\\/pia-y-pablo.de\\\/?s={search_term_string}\"},\"query-input\":{\"@type\":\"PropertyValueSpecification\",\"valueRequired\":true,\"valueName\":\"search_term_string\"}}],\"inLanguage\":\"es\"}]}<\/script>\n<!-- \/ Yoast SEO plugin. -->","yoast_head_json":{"title":"Pie de imprenta - Pia y Pablo","robots":{"index":"index","follow":"follow","max-snippet":"max-snippet:-1","max-image-preview":"max-image-preview:large","max-video-preview":"max-video-preview:-1"},"canonical":"https:\/\/pia-y-pablo.de\/es\/pie-de-imprenta\/","og_locale":"es_ES","og_type":"article","og_title":"Pie de imprenta - Pia y Pablo","og_description":"Pie de imprenta Informaci\u00f3n seg\u00fan \u00a7 5 TMG Pia y Pablo - Catering M\u00fanichMeik Rodr\u00edguez KrauthauseRiesstr. 6480993 M\u00fanich NIF IVA: DE359400098N\u00famero de identificaci\u00f3n fiscal: 146\/169\/12802 P\u00f3ngase en contacto con nosotros correo electr\u00f3nico: hola@pia-y-pablo.detel.: 017693110342 Representante autorizado:Meik Rodr\u00edguez Krauthause","og_url":"https:\/\/pia-y-pablo.de\/es\/pie-de-imprenta\/","og_site_name":"Pia y Pablo","article_modified_time":"2024-02-04T12:24:07+00:00","twitter_card":"summary_large_image","twitter_misc":{"Tiempo de lectura":"1 minuto"},"schema":{"@context":"https:\/\/schema.org","@graph":[{"@type":"WebPage","@id":"https:\/\/pia-y-pablo.de\/es\/pie-de-imprenta\/","url":"https:\/\/pia-y-pablo.de\/es\/pie-de-imprenta\/","name":"Pie de imprenta - Pia y Pablo","isPartOf":{"@id":"https:\/\/pia-y-pablo.de\/#website"},"datePublished":"2023-04-03T21:29:44+00:00","dateModified":"2024-02-04T12:24:07+00:00","breadcrumb":{"@id":"https:\/\/pia-y-pablo.de\/es\/pie-de-imprenta\/#breadcrumb"},"inLanguage":"es","potentialAction":[{"@type":"ReadAction","target":["https:\/\/pia-y-pablo.de\/es\/pie-de-imprenta\/"]}]},{"@type":"BreadcrumbList","@id":"https:\/\/pia-y-pablo.de\/es\/pie-de-imprenta\/#breadcrumb","itemListElement":[{"@type":"ListItem","position":1,"name":"Startseite","item":"https:\/\/pia-y-pablo.de\/"},{"@type":"ListItem","position":2,"name":"Pie de imprenta"}]},{"@type":"WebSite","@id":"https:\/\/pia-y-pablo.de\/#website","url":"https:\/\/pia-y-pablo.de\/","name":"Pia y Pablo","description":"Spanisches Catering M\u00fcnchen - Authentisch, frisch &amp; einfach lecker","potentialAction":[{"@type":"SearchAction","target":{"@type":"EntryPoint","urlTemplate":"https:\/\/pia-y-pablo.de\/?s={search_term_string}"},"query-input":{"@type":"PropertyValueSpecification","valueRequired":true,"valueName":"search_term_string"}}],"inLanguage":"es"}]}},"_links":{"self":[{"href":"https:\/\/pia-y-pablo.de\/es\/wp-json\/wp\/v2\/pages\/223451","targetHints":{"allow":["GET"]}}],"collection":[{"href":"https:\/\/pia-y-pablo.de\/es\/wp-json\/wp\/v2\/pages"}],"about":[{"href":"https:\/\/pia-y-pablo.de\/es\/wp-json\/wp\/v2\/types\/page"}],"author":[{"embeddable":true,"href":"https:\/\/pia-y-pablo.de\/es\/wp-json\/wp\/v2\/users\/1"}],"replies":[{"embeddable":true,"href":"https:\/\/pia-y-pablo.de\/es\/wp-json\/wp\/v2\/comments?post=223451"}],"version-history":[{"count":5,"href":"https:\/\/pia-y-pablo.de\/es\/wp-json\/wp\/v2\/pages\/223451\/revisions"}],"predecessor-version":[{"id":223456,"href":"https:\/\/pia-y-pablo.de\/es\/wp-json\/wp\/v2\/pages\/223451\/revisions\/223456"}],"wp:attachment":[{"href":"https:\/\/pia-y-pablo.de\/es\/wp-json\/wp\/v2\/media?parent=223451"}],"curies":[{"name":"wp","href":"https:\/\/api.w.org\/{rel}","templated":true}]}}