{"id":223420,"date":"2023-06-01T18:52:14","date_gmt":"2023-06-01T16:52:14","guid":{"rendered":"https:\/\/pia-y-pablo.de\/agb\/"},"modified":"2024-02-04T13:22:31","modified_gmt":"2024-02-04T12:22:31","slug":"agb","status":"publish","type":"page","link":"https:\/\/pia-y-pablo.de\/de-bay\/agb\/","title":{"rendered":"AGB"},"content":{"rendered":"<p>[et_pb_section fb_built=&#8221;1&#8243; _builder_version=&#8221;4.21.0&#8243; _module_preset=&#8221;default&#8221; global_colors_info=&#8221;{}&#8221;][et_pb_row _builder_version=&#8221;4.21.0&#8243; _module_preset=&#8221;default&#8221; global_colors_info=&#8221;{}&#8221;][et_pb_column type=&#8221;4_4&#8243; _builder_version=&#8221;4.21.0&#8243; _module_preset=&#8221;default&#8221; global_colors_info=&#8221;{}&#8221;][et_pb_text _builder_version=&#8221;4.21.0&#8243; _module_preset=&#8221;default&#8221; hover_enabled=&#8221;0&#8243; global_colors_info=&#8221;{}&#8221; header_font=&#8221;||||||||&#8221; sticky_enabled=&#8221;0&#8243;]<\/p>\n<h1>Catering AGB<\/h1>\n<p>[\/et_pb_text][et_pb_text _builder_version=&#8221;4.21.0&#8243; _module_preset=&#8221;default&#8221; global_colors_info=&#8221;{}&#8221;]<\/p>\n<p><strong>1. Vertragsobaschluss<\/strong><br \/>Alle Angebote von Pia Y Pablo Catering sind verbindlich bis zum angegebenen G\u00fcltigkeitsdatum. Mit der Bestellung stimmt der Kunde dem Angebot zu, welches die Pia Y Pablo Catering durch Leistungserbringung annimmt. Der Kunde versichert mit seiner Bestellung, die Allgemeinen Gesch\u00e4ftsbedingungen gelesen zu haben und erkl\u00e4rt sich mit diesen einverstanden.<\/p>\n<p><strong>2. Geltungsbereich<\/strong><br \/>Die Angebote, Lieferungen und Leistungen der Pia Y Pablo Catering erfolgen ausschlie\u00dflich aufgrund dieser Allgemeinen Gesch\u00e4ftsbedingungen. Die Gesch\u00e4ftsbedingungen sind wesentlicher Bestandteil aller Vertr\u00e4ge, die wir mit unseren Kunden abschlie\u00dfen. Abweichende Bedingungen unserer Kunden werden nicht Vertragsbestandteil, es sei denn, dass wir uns im Einzelfall schriftlich mit diesen einverstanden erkl\u00e4ren.<\/p>\n<p><strong>3. Datenschutz\/ Datenspeicherung<\/strong><br \/>F\u00fcr den Umgang mit Kundendaten, insbesondere die Erhebung, Nutzung und Verarbeitung, sind die besonderen Datenschutzhinweise gem\u00e4\u00df Artikel 13, 14 und 21 DSGVO auf unserer Webpage einsehbar. Die f\u00fcr die Auftragsabwicklung notwendigen pers\u00f6nlichen Daten unserer Kunden werden gespeichert. Der Kunde erkl\u00e4rt hiermit sein ausdr\u00fcckliches Einverst\u00e4ndnis. Alle personenbezogenen Daten werden selbstverst\u00e4ndlich vertraulich behandelt.<\/p>\n<p><strong>4. Preise<\/strong><br \/>Gegen\u00fcber gewerblich t\u00e4tigen Kunden bzw. Unternehmern sind alle Preise f\u00fcr Speisen zus\u00e4tzlich 7 % MwSt , f\u00fcr Getr\u00e4nke und Service (z.B. Equipment, Lieferung, Personal usw.) zus\u00e4tzlich 19 % MwSt. zu verstehen. Vereinbarte Bruttopreise gegen\u00fcber nicht gewerblich t\u00e4tigen nat\u00fcrlichen Personen enthalten die gesetzliche Mehrwertsteuer. Preis- und Leistungs\u00e4nderungen, sowie Irrt\u00fcmer, behalten wir uns vor. Es gilt der zum Datum der Rechnungsstellung g\u00fcltige MwSt-Satz.<\/p>\n<p><strong>5. Bestellung &amp; Leistungsumfang<\/strong><br \/>Die vom Kunden jeweils mitgeteilte Produktauswahl, Produktmenge sowie weitere vereinbarte Leistungen werden hiermit endg\u00fcltig und damit vertraglich bindend vereinbart. Diese Vereinbarung bestimmt unseren Leistungsumfang und damit den Preis. Eine nachtr\u00e4gliche \u00c4nderung \u00e4ndert unseren Leistungsumfang und den Preis. Eine solche \u00c4nderung ist nur dann m\u00f6glich, wenn wir uns damit schriftlich einverstanden erkl\u00e4ren oder vom Kunden gew\u00fcnschte zus\u00e4tzliche Leistungen tats\u00e4chlich erbringen. Den Bedarf an Servicepersonal, zus\u00e4tzlichem Equipment durch Dritte oder umfangreiche und besonders aufwendige Bestellungen mit Sonderw\u00fcnschen bitten wir so fr\u00fchzeitig als m\u00f6glich aufzugeben.<\/p>\n<p><strong>6. Lieferung<\/strong><br \/>Sie erfolgt an die vom Kunden angegebene Lieferadresse zum vereinbarten Liefertermin. Lieferzeiten werden individuell vereinbart und k\u00f6nnen Montag bis Sonntag realisiert werden. Die Lieferung erfolgt nach bestem Wissen und Gewissen, sowie unter Einhaltung entsprechender gesetzlicher Vorschriften. Gelingt uns dies im Einzelfall aus verkehrstechnischen oder wetterabh\u00e4ngigen Gr\u00fcnden nicht, so gesteht uns der Kunde eine Toleranz von 60 Minuten zu. Besonderheiten, die den Lieferort betreffen (z. B. Baustellen, M\u00e4rkte, lange Wege, Treppen \u00fcber 3 Etagen, nicht funktionierende Fahrst\u00fchle) sind durch den Kunden bei der Bestellung mitzuteilen, damit sich die Pia Y Pablo Catering zeitlich und organisatorisch darauf einrichten kann.<\/p>\n<p><strong>7. Gefahr\u00fcbergang und Gew\u00e4hrleistung<\/strong><\/p>\n<p>7.1 Soweit in den F\u00e4llen der Lieferung der durch uns hergestellten Speisen eine Abnahme vorausgesetzt ist, ist der Zeitpunkt der Abnahme f\u00fcr den Gefahr\u00fcbergang auf den Vertragspartner ma\u00dfgebend. Der Abnahme steht es gleich, wenn der Vertragspartner das Werk nicht innerhalb einer ihm von uns bestimmten angemessenen Frist abnimmt, obwohl er dazu verpflichtet ist.<\/p>\n<p>7.2 F\u00fcr die Rechte des Vertragspartners bei Sach- und Rechtsm\u00e4ngeln gelten die gesetzlichen Vorschriften, soweit in den Gesch\u00e4ftsbedingungen nichts anderes bestimmt ist. Sofern es sich bei dem K\u00e4ufer um einen Verbraucher handelt, Bei fahrl\u00e4ssig verursachten Sach- und Verm\u00f6genssch\u00e4den haftet die Pia Y Pablo Catering nur bei der Verletzung einer wesentlichen Vertragspflicht, jedoch der H\u00f6he nach beschr\u00e4nkt auf die bei Vertragsschluss vorhersehbaren und vertragstypischen Sch\u00e4den. Dies gilt auch bei fahrl\u00e4ssigen Pflichtverletzungen durch Angestellte, Arbeitnehmer, Vertreter oder Erf\u00fcllungsgehilfen der Pia Y Pablo Catering.<\/p>\n<p>7.3 Ist der Vertragspartner kein Verbraucher, setzen seine M\u00e4ngelanspr\u00fcche voraus, dass er seinen Untersuchungs- und R\u00fcgepflichten (\u00a7\u00a7 377, 381 Abs. 2 HGB) nachkommt. Der Vertragspartner ist verpflichtet, die gelieferte Ware sofort nach Ablieferung zu untersuchen und uns bestehende M\u00e4ngel unverz\u00fcglich schriftlich anzuzeigen. M\u00e4ngel, die versp\u00e4tet ger\u00fcgt wurden, werden von uns nicht ber\u00fccksichtigt und sind von der Haftung ausgeschlossen.<\/p>\n<p><strong>8. Zahlung<\/strong><\/p>\n<p>8.1 Mit der Auftragserteilung, sp\u00e4testens aber 30 Werktage vor Beginn der Veranstaltung, k\u00f6nnen wir ein Drittel der kalkulierten Kosten als Vorauszahlung in Rechnung stellen. Die restliche Summe wird im Anschluss an die Veranstaltung unter Ber\u00fccksichtigung eventuell zu berechnender Verbrauchsg\u00fcter in Rechnung gestellt.<\/p>\n<p>8.2 Mit der Auftragserteilung muss die finale Rechnungsanschrift sowie zus\u00e4tzliche rechnungsrelevante Informationen wie Bestellnummern, PO-Nummern, etc mitgeteilt werden. Eine nachtr\u00e4gliche Bearbeitung der ausgestellten und versandten Rechnung hat eine zus\u00e4tzliche Bearbeitungsgeb\u00fchr von 25-\u20ac (netto) zur Folge.<\/p>\n<p>8.3 Zahlungsziel ist 7 Tage nach Rechnungsstellung<\/p>\n<p>8.4 Die Bezahlung der Rechnung hat durch \u00dcberweisung zu erfolgen. Bankverbindung siehe Rechnung.<\/p>\n<p>8.5 In Ausnahmef\u00e4llen ist die Bezahlung per Kredit- oder EC-Karte m\u00f6glich, allerdings, nur wenn dies vorab mit Pia Y Pablo Catering so vereinbart wurde. Diese Art der Bezahlung ist nur vor Ort auf dem Event oder pers\u00f6nlich im B\u00fcro m\u00f6glich.<\/p>\n<p><strong>9. Stornierung, Nichtabholung &amp; Unzustellbarkeit<\/strong><\/p>\n<p>9.1 R\u00fccktritt \/ K\u00fcndigung des Vertrages ist nur bei Vorliegen eines wichtigen Grundes m\u00f6glich.<\/p>\n<p>9.2 Wird ein Vertrag vom Auftraggeber ohne wichtigen Grund oder von einer der Vertragsparteien aus Gr\u00fcnden, die der Auftraggeber zu vertreten hat, gek\u00fcndigt oder anderweitig storniert, werden wir folgende Stornierungskosten berechnen, um unseren Aufwand\/ Kosten zu decken:<br \/>Auftragssumme bis 2500 \u20ac (netto)<br \/>30 Tage vor Veranstaltungsbeginn 65 % der Vertragssumme<br \/>15 Tage vor Veranstaltungsbeginn 85 % der Vertragssumme<br \/>10 Tage vor Veranstaltungsbeginn 95 % der Vertragssumme<br \/>Auftragssumme ab 2500\u20ac (netto)<br \/>90 Tage vor Veranstaltungsbeginn 65 % der Vertragssumme<br \/>30 Tage vor Veranstaltungsbeginn 85 % der Vertragssumme<br \/>15 Tage vor Veranstaltungsbeginn 95 % der Vertragssumme<br \/>S\u00e4mtliche Auftr\u00e4ge, die am selben Tag storniert werden, m\u00fcssen wir mit 100 % der Kosten berechnen.<br \/>Soweit die Pia Y Pablo Catering f\u00fcr den Kunden technische oder sonstige Einrichtungen von Dritten beschafft oder R\u00e4umlichkeiten anmietet, handelt die Pia Y Pablo Catering im Namen und auf Rechnung des Kunden. Hierbei gelten die R\u00fccktrittsbedingungen des Vermieters und die Pia Y Pablo Catering kann hierdurch entstandene Stornokosten in voller H\u00f6he an den Kunden weiterverrechnen.<\/p>\n<p>9.3 Die vorgenannten Stornierungskosten gelten auch bei Reduzierung der Teilnehmerzahl im jeweiligen Verh\u00e4ltnis zur zun\u00e4chst angemeldeten Teilnehmerzahl.<\/p>\n<p>9.4 Das Recht des Auftraggebers zum Nachweis eines geringeren Schadens bleibt unber\u00fchrt.<\/p>\n<p>9.5 Wird eine best\u00e4tigte Veranstaltung \/ ein gebuchtes Catering terminlich verschoben, erlauben wir uns, eine Umbuchungsgeb\u00fchr bis zu einer H\u00f6he von 10 % der Auftragssumme zu erheben. Dies dient der Kompensation des entstandenen Mehraufwandes sowie einem m\u00f6glichen Umsatzausfall, wenn der freigehaltene Termin nicht anderweitig vergeben werden kann.<\/p>\n<p><strong>10. Bruch &amp; Verlust<\/strong><br \/>Mit Ausnahme der Speisen und Getr\u00e4nke erfolgt die \u00dcberlassung weiteren Equipments (z.B. Geschirr, Gl\u00e4ser, Besteck, Mobiliar) nur zeitweise. Soweit nicht durch unsere Mitarbeiter oder Erf\u00fcllungsgehilfen verursacht, tr\u00e4gt der Kunde ab \u00dcbergabe die Gefahr f\u00fcr Schwund, Bruch und Besch\u00e4digung. Bruch und Schwund sind der Pia Y Pablo Catering nach dem Neuwert zu ersetzen.<\/p>\n<p><strong>11. Austauschrecht<\/strong><br \/>Die Pia Y Pablo Catering ist im Rahmen der gesetzlichen Vorschriften berechtigt, die im Angebot aufgef\u00fchrten Produkte gegen gleichwertige auszutauschen, sofern die urspr\u00fcnglichen Zutaten nicht verf\u00fcgbar sind, die Ware mindestens gleichwertig ist, der vertraglich vereinbarten Leistung in ihrem Qualit\u00e4tsniveau und Beschaffenheit entspricht und der Austausch zumutbar ist.<\/p>\n<p>Schlussbestimmungen<\/p>\n<p><strong>12. Rechtswahl und Gerichtsstand<\/strong><\/p>\n<p>12.1 Das Vertragsverh\u00e4ltnis unterliegt dem Recht der Bundesrepublik Deutschland.<\/p>\n<p>13.2. Sofern der Vertragspartner Kaufmann im Sinne des Handelsgesetzbuches, juristische Person des \u00f6ffentlichen Rechts oder \u00f6ffentlich-rechtliches Sonderverm\u00f6gen ist, gilt f\u00fcr alle sich aus dem Vertragsverh\u00e4ltnis, sowie \u00fcber sein Entstehen und seine Wirksamkeit ergebenden Streitigkeiten ausschlie\u00dflich der Gerichtsstand M\u00fcnchen.<\/p>\n<p><strong>13. Salvatorische Klausel<\/strong><br \/>Bei Unwirksamkeit einzelner Bestimmungen, f\u00fchrt dies nicht zur Unwirksamkeit des Vertrages im Ganzen.<\/p>\n<p>[\/et_pb_text][\/et_pb_column][\/et_pb_row][\/et_pb_section]<\/p>\n","protected":false},"excerpt":{"rendered":"<p>Catering AGB1. VertragsobaschlussAlle Angebote von Pia Y Pablo Catering sind verbindlich bis zum angegebenen G\u00fcltigkeitsdatum. Mit der Bestellung stimmt der Kunde dem Angebot zu, welches die Pia Y Pablo Catering durch Leistungserbringung annimmt. Der Kunde versichert mit seiner Bestellung, die Allgemeinen Gesch\u00e4ftsbedingungen gelesen zu haben und erkl\u00e4rt sich mit diesen einverstanden. 2. GeltungsbereichDie Angebote, Lieferungen [&hellip;]<\/p>\n","protected":false},"author":1,"featured_media":0,"parent":0,"menu_order":0,"comment_status":"closed","ping_status":"closed","template":"","meta":{"_acf_changed":false,"_et_pb_use_builder":"on","_et_pb_old_content":"","_et_gb_content_width":"","inline_featured_image":false,"iawp_total_views":6,"footnotes":""},"class_list":["post-223420","page","type-page","status-publish","hentry"],"acf":[],"yoast_head":"<!-- This site is optimized with the Yoast SEO plugin v27.3 - https:\/\/yoast.com\/product\/yoast-seo-wordpress\/ -->\n<title>AGB - Pia y Pablo<\/title>\n<meta name=\"robots\" content=\"noindex, nofollow\" \/>\n<meta property=\"og:locale\" content=\"de_DE\" \/>\n<meta property=\"og:type\" content=\"article\" \/>\n<meta property=\"og:title\" content=\"AGB - Pia y Pablo\" \/>\n<meta property=\"og:description\" content=\"Catering AGB1. VertragsobaschlussAlle Angebote von Pia Y Pablo Catering sind verbindlich bis zum angegebenen G\u00fcltigkeitsdatum. Mit der Bestellung stimmt der Kunde dem Angebot zu, welches die Pia Y Pablo Catering durch Leistungserbringung annimmt. Der Kunde versichert mit seiner Bestellung, die Allgemeinen Gesch\u00e4ftsbedingungen gelesen zu haben und erkl\u00e4rt sich mit diesen einverstanden. 2. GeltungsbereichDie Angebote, Lieferungen [&hellip;]\" \/>\n<meta property=\"og:url\" content=\"https:\/\/pia-y-pablo.de\/de-bay\/agb\/\" \/>\n<meta property=\"og:site_name\" content=\"Pia y Pablo\" \/>\n<meta property=\"article:modified_time\" content=\"2024-02-04T12:22:31+00:00\" \/>\n<meta name=\"twitter:card\" content=\"summary_large_image\" \/>\n<meta name=\"twitter:label1\" content=\"Est. reading time\" \/>\n\t<meta name=\"twitter:data1\" content=\"6 minutes\" \/>\n<script type=\"application\/ld+json\" class=\"yoast-schema-graph\">{\"@context\":\"https:\\\/\\\/schema.org\",\"@graph\":[{\"@type\":\"WebPage\",\"@id\":\"https:\\\/\\\/pia-y-pablo.de\\\/de-bay\\\/agb\\\/\",\"url\":\"https:\\\/\\\/pia-y-pablo.de\\\/de-bay\\\/agb\\\/\",\"name\":\"AGB - Pia y Pablo\",\"isPartOf\":{\"@id\":\"https:\\\/\\\/pia-y-pablo.de\\\/#website\"},\"datePublished\":\"2023-06-01T16:52:14+00:00\",\"dateModified\":\"2024-02-04T12:22:31+00:00\",\"breadcrumb\":{\"@id\":\"https:\\\/\\\/pia-y-pablo.de\\\/de-bay\\\/agb\\\/#breadcrumb\"},\"inLanguage\":\"de-BAY\",\"potentialAction\":[{\"@type\":\"ReadAction\",\"target\":[\"https:\\\/\\\/pia-y-pablo.de\\\/de-bay\\\/agb\\\/\"]}]},{\"@type\":\"BreadcrumbList\",\"@id\":\"https:\\\/\\\/pia-y-pablo.de\\\/de-bay\\\/agb\\\/#breadcrumb\",\"itemListElement\":[{\"@type\":\"ListItem\",\"position\":1,\"name\":\"Startseite\",\"item\":\"https:\\\/\\\/pia-y-pablo.de\\\/\"},{\"@type\":\"ListItem\",\"position\":2,\"name\":\"AGB\"}]},{\"@type\":\"WebSite\",\"@id\":\"https:\\\/\\\/pia-y-pablo.de\\\/#website\",\"url\":\"https:\\\/\\\/pia-y-pablo.de\\\/\",\"name\":\"Pia y Pablo\",\"description\":\"Spanisches Catering M\u00fcnchen - Authentisch, frisch &amp; einfach lecker\",\"potentialAction\":[{\"@type\":\"SearchAction\",\"target\":{\"@type\":\"EntryPoint\",\"urlTemplate\":\"https:\\\/\\\/pia-y-pablo.de\\\/?s={search_term_string}\"},\"query-input\":{\"@type\":\"PropertyValueSpecification\",\"valueRequired\":true,\"valueName\":\"search_term_string\"}}],\"inLanguage\":\"de-BAY\"}]}<\/script>\n<!-- \/ Yoast SEO plugin. -->","yoast_head_json":{"title":"AGB - Pia y Pablo","robots":{"index":"noindex","follow":"nofollow"},"og_locale":"de_DE","og_type":"article","og_title":"AGB - Pia y Pablo","og_description":"Catering AGB1. VertragsobaschlussAlle Angebote von Pia Y Pablo Catering sind verbindlich bis zum angegebenen G\u00fcltigkeitsdatum. Mit der Bestellung stimmt der Kunde dem Angebot zu, welches die Pia Y Pablo Catering durch Leistungserbringung annimmt. Der Kunde versichert mit seiner Bestellung, die Allgemeinen Gesch\u00e4ftsbedingungen gelesen zu haben und erkl\u00e4rt sich mit diesen einverstanden. 2. GeltungsbereichDie Angebote, Lieferungen [&hellip;]","og_url":"https:\/\/pia-y-pablo.de\/de-bay\/agb\/","og_site_name":"Pia y Pablo","article_modified_time":"2024-02-04T12:22:31+00:00","twitter_card":"summary_large_image","twitter_misc":{"Est. reading time":"6 minutes"},"schema":{"@context":"https:\/\/schema.org","@graph":[{"@type":"WebPage","@id":"https:\/\/pia-y-pablo.de\/de-bay\/agb\/","url":"https:\/\/pia-y-pablo.de\/de-bay\/agb\/","name":"AGB - Pia y Pablo","isPartOf":{"@id":"https:\/\/pia-y-pablo.de\/#website"},"datePublished":"2023-06-01T16:52:14+00:00","dateModified":"2024-02-04T12:22:31+00:00","breadcrumb":{"@id":"https:\/\/pia-y-pablo.de\/de-bay\/agb\/#breadcrumb"},"inLanguage":"de-BAY","potentialAction":[{"@type":"ReadAction","target":["https:\/\/pia-y-pablo.de\/de-bay\/agb\/"]}]},{"@type":"BreadcrumbList","@id":"https:\/\/pia-y-pablo.de\/de-bay\/agb\/#breadcrumb","itemListElement":[{"@type":"ListItem","position":1,"name":"Startseite","item":"https:\/\/pia-y-pablo.de\/"},{"@type":"ListItem","position":2,"name":"AGB"}]},{"@type":"WebSite","@id":"https:\/\/pia-y-pablo.de\/#website","url":"https:\/\/pia-y-pablo.de\/","name":"Pia y Pablo","description":"Spanisches Catering M\u00fcnchen - Authentisch, frisch &amp; einfach lecker","potentialAction":[{"@type":"SearchAction","target":{"@type":"EntryPoint","urlTemplate":"https:\/\/pia-y-pablo.de\/?s={search_term_string}"},"query-input":{"@type":"PropertyValueSpecification","valueRequired":true,"valueName":"search_term_string"}}],"inLanguage":"de-BAY"}]}},"_links":{"self":[{"href":"https:\/\/pia-y-pablo.de\/de-bay\/wp-json\/wp\/v2\/pages\/223420","targetHints":{"allow":["GET"]}}],"collection":[{"href":"https:\/\/pia-y-pablo.de\/de-bay\/wp-json\/wp\/v2\/pages"}],"about":[{"href":"https:\/\/pia-y-pablo.de\/de-bay\/wp-json\/wp\/v2\/types\/page"}],"author":[{"embeddable":true,"href":"https:\/\/pia-y-pablo.de\/de-bay\/wp-json\/wp\/v2\/users\/1"}],"replies":[{"embeddable":true,"href":"https:\/\/pia-y-pablo.de\/de-bay\/wp-json\/wp\/v2\/comments?post=223420"}],"version-history":[{"count":8,"href":"https:\/\/pia-y-pablo.de\/de-bay\/wp-json\/wp\/v2\/pages\/223420\/revisions"}],"predecessor-version":[{"id":223441,"href":"https:\/\/pia-y-pablo.de\/de-bay\/wp-json\/wp\/v2\/pages\/223420\/revisions\/223441"}],"wp:attachment":[{"href":"https:\/\/pia-y-pablo.de\/de-bay\/wp-json\/wp\/v2\/media?parent=223420"}],"curies":[{"name":"wp","href":"https:\/\/api.w.org\/{rel}","templated":true}]}}